{"id":1124,"date":"2022-05-09T11:49:21","date_gmt":"2022-05-09T11:49:21","guid":{"rendered":"https:\/\/novinato.com\/about\/"},"modified":"2026-03-05T09:08:24","modified_gmt":"2026-03-05T09:08:24","slug":"about","status":"publish","type":"page","link":"https:\/\/novinato.com\/de\/about\/","title":{"rendered":"\u00dcber"},"content":{"rendered":"<section class=\"l-section wpb_row us_custom_93e95b79 waves--bottom waves--back-white has_text_color height_large\"><div class=\"l-section-h i-cf\"><div class=\"g-cols vc_row via_grid cols_1 laptops-cols_inherit tablets-cols_inherit mobiles-cols_1 valign_top type_default stacking_default\"><div class=\"wpb_column vc_column_container\"><div class=\"vc_column-inner\"><div class=\"g-cols wpb_row via_grid cols_7-5 laptops-cols_inherit tablets-cols_inherit mobiles-cols_1 valign_top type_default stacking_default\" style=\"--columns-gap:3rem;\"><div class=\"wpb_column vc_column_container\"><div class=\"vc_column-inner\"><div class=\"wpb_text_column us_custom_0259209c has_text_color\"><div class=\"wpb_wrapper\"><h1>Die gesunde L\u00f6sung f\u00fcr gesunde Schwimmb\u00e4der.<\/h1>\n<\/div><\/div><div class=\"wpb_text_column us_custom_50cc5aec has_text_color\"><div class=\"wpb_wrapper\"><p>Wir machen Schwimmb\u00e4der zu einem sicheren Ort, indem wir den Chlorgehalt des Wassers minimieren. Wir bieten \u00f6ffentlichen Schwimmb\u00e4dern eine Alternativ zum Schutz Ihrer Gesundheit und tragen gleichzeitig zum Umweltschutz bei. Wir stellen sicher, dass Kinder unter den bestm\u00f6glichen Bedingungen Schwimmen lernen k\u00f6nnen. Wir sind die Zukunft der Schwimmb\u00e4der.<\/p>\n<\/div><\/div><\/div><\/div><div class=\"wpb_column vc_column_container\"><div class=\"vc_column-inner\"><div class=\"w-image us_custom_54147587 align_none\"><div class=\"w-image-h\"><img decoding=\"async\" width=\"594\" height=\"600\" data-src=\"https:\/\/novinato.com\/wp-content\/uploads\/2022\/05\/about-image-1013x1024.png\" class=\"attachment-large size-large lazyload\" alt=\"\" data-srcset=\"https:\/\/novinato.com\/wp-content\/uploads\/2022\/05\/about-image-1013x1024.png 1013w, https:\/\/novinato.com\/wp-content\/uploads\/2022\/05\/about-image-297x300.png 297w, https:\/\/novinato.com\/wp-content\/uploads\/2022\/05\/about-image.png 1569w\" data-sizes=\"auto, (max-width: 594px) 100vw, 594px\" src=\"data:image\/svg+xml;base64,PHN2ZyB3aWR0aD0iMSIgaGVpZ2h0PSIxIiB4bWxucz0iaHR0cDovL3d3dy53My5vcmcvMjAwMC9zdmciPjwvc3ZnPg==\" style=\"--smush-placeholder-width: 594px; --smush-placeholder-aspect-ratio: 594\/600;\" \/><\/div><\/div><\/div><\/div><\/div><div class=\"w-separator size_medium\"><\/div><\/div><\/div><\/div><\/div><\/section><section class=\"l-section wpb_row height_large\"><div class=\"l-section-h i-cf\"><div class=\"g-cols vc_row via_grid cols_1 laptops-cols_inherit tablets-cols_inherit mobiles-cols_1 valign_top type_default stacking_default\"><div class=\"wpb_column vc_column_container\"><div class=\"vc_column-inner\"><div class=\"w-separator size_huge\"><\/div><div class=\"w-separator size_huge\"><\/div><\/div><\/div><\/div><\/div><\/section><section class=\"l-section wpb_row us_custom_887a049b waves--bottom waves--back-lightblue height_large\"><div class=\"l-section-h i-cf\"><div class=\"g-cols vc_row via_grid cols_1 laptops-cols_inherit tablets-cols_inherit mobiles-cols_1 valign_top type_default stacking_default\"><div class=\"wpb_column vc_column_container\"><div class=\"vc_column-inner\"><div class=\"g-cols wpb_row via_grid cols_2 laptops-cols_inherit tablets-cols_inherit mobiles-cols_1 valign_top type_default stacking_default\" style=\"--columns-gap:3rem;\"><div class=\"wpb_column vc_column_container\"><div class=\"vc_column-inner\"><div class=\"w-image align_none\"><div class=\"w-image-h\"><img decoding=\"async\" width=\"572\" height=\"550\" data-src=\"https:\/\/novinato.com\/wp-content\/uploads\/2022\/05\/novinato-img.jpg\" class=\"attachment-large size-large lazyload\" alt=\"\" data-srcset=\"https:\/\/novinato.com\/wp-content\/uploads\/2022\/05\/novinato-img.jpg 572w, https:\/\/novinato.com\/wp-content\/uploads\/2022\/05\/novinato-img-300x288.jpg 300w\" data-sizes=\"auto, (max-width: 572px) 100vw, 572px\" src=\"data:image\/svg+xml;base64,PHN2ZyB3aWR0aD0iMSIgaGVpZ2h0PSIxIiB4bWxucz0iaHR0cDovL3d3dy53My5vcmcvMjAwMC9zdmciPjwvc3ZnPg==\" style=\"--smush-placeholder-width: 572px; --smush-placeholder-aspect-ratio: 572\/550;\" \/><\/div><\/div><\/div><\/div><div class=\"wpb_column vc_column_container us_custom_11d5d761 justify-content-center\"><div class=\"vc_column-inner\"><div class=\"wpb_text_column drop--before\"><div class=\"wpb_wrapper\"><h2 class=\"p1\">Schlie\u00dfen wir uns zusammen!<\/h2>\n<p class=\"p1\">M\u00f6chten Sie zu unserem Partner werden? Erfahren Sie, wie wir uns gegenseitig helfen k\u00f6nnen, um Ihnen eine gesunde L\u00f6sung und den Schwimmern ein gesundes Schwimmbad zu bieten.<span class=\"Apple-converted-space\">\u00a0<\/span><\/p>\n<\/div><\/div><div class=\"w-vwrapper align_none valign_top\" id=\"about--checklist-section\"><div class=\"w-iconbox us_custom_71d3e3d1 iconpos_left style_circle color_custom align_left no_text\"><div class=\"w-iconbox-icon\" style=\"font-size:0.8rem;--icon-color:#7BD400;--icon-bg-color:rgba(123,212,0,0.1);\"><i class=\"fas fa-check\"><\/i><\/div><div class=\"w-iconbox-meta\"><h5 class=\"w-iconbox-title\">Ges\u00fcnder<\/h5><\/div><\/div><div class=\"w-iconbox iconpos_left style_circle color_custom align_left no_text\"><div class=\"w-iconbox-icon\" style=\"font-size:0.8rem;--icon-color:#7BD400;--icon-bg-color:rgba(123,212,0,0.1);\"><i class=\"fas fa-check\"><\/i><\/div><div class=\"w-iconbox-meta\"><h5 class=\"w-iconbox-title\">Umweltfreundlich<\/h5><\/div><\/div><div class=\"w-iconbox iconpos_left style_circle color_custom align_left no_text\"><div class=\"w-iconbox-icon\" style=\"font-size:0.8rem;--icon-color:#7BD400;--icon-bg-color:rgba(123,212,0,0.1);\"><i class=\"fas fa-check\"><\/i><\/div><div class=\"w-iconbox-meta\"><h5 class=\"w-iconbox-title\">Kostensparend<\/h5><\/div><\/div><div class=\"w-iconbox iconpos_left style_circle color_custom align_left no_text\"><div class=\"w-iconbox-icon\" style=\"font-size:0.8rem;--icon-color:#7BD400;--icon-bg-color:rgba(123,212,0,0.1);\"><i class=\"fas fa-check\"><\/i><\/div><div class=\"w-iconbox-meta\"><h5 class=\"w-iconbox-title\">Leicht zu installieren<\/h5><\/div><\/div><\/div><div class=\"w-separator size_medium\"><\/div><div class=\"w-btn-wrapper align_left\"><a class=\"w-btn us-btn-style_1\" title=\"Kontakt\" href=\"https:\/\/novinato.com\/de\/contact\/\"><span class=\"w-btn-label\">Werden Sie Partner \u2013 kontaktieren Sie uns<\/span><\/a><\/div><\/div><\/div><\/div><\/div><\/div><\/div><\/div><\/section><section class=\"l-section wpb_row us_custom_c70c97eb height_medium\"><div class=\"l-section-h i-cf\"><div class=\"g-cols vc_row via_grid cols_1 laptops-cols_inherit tablets-cols_inherit mobiles-cols_1 valign_top type_default stacking_default\"><div class=\"wpb_column vc_column_container\"><div class=\"vc_column-inner\"><div class=\"g-cols wpb_row via_grid cols_1 laptops-cols_inherit tablets-cols_inherit mobiles-cols_1 valign_top type_default stacking_default\" style=\"--columns-gap:3rem;\"><div class=\"wpb_column vc_column_container\"><div class=\"vc_column-inner\"><div class=\"wpb_text_column\"><div class=\"wpb_wrapper\"><h2>Unsere Partner<\/h2>\n<\/div><\/div><\/div><\/div><\/div><div class=\"w-separator size_medium\"><\/div><div class=\"g-cols wpb_row via_grid cols_1 laptops-cols_inherit tablets-cols_inherit mobiles-cols_1 valign_top type_default stacking_default\" style=\"--columns-gap:3rem;\"><div class=\"wpb_column vc_column_container\"><div class=\"vc_column-inner\"><div id=\"ult-carousel-227691091069f0037204b93\" class=\"ult-carousel-wrapper   ult_horizontal\" data-gutter=\"15\" data-rtl=\"false\" ><div class=\"ult-carousel-239021631269f0037204b61 \" ><div class=\"ult-item-wrap\" data-animation=\"animated no-animation\"><div class=\"w-image us_custom_e173a6d3 align_none\"><div class=\"w-image-h\"><img decoding=\"async\" width=\"300\" height=\"168\" data-src=\"https:\/\/novinato.com\/wp-content\/uploads\/2022\/05\/deloite-legal-300x168.png\" class=\"attachment-medium size-medium lazyload\" alt=\"\" data-srcset=\"https:\/\/novinato.com\/wp-content\/uploads\/2022\/05\/deloite-legal-300x168.png 300w, https:\/\/novinato.com\/wp-content\/uploads\/2022\/05\/deloite-legal.png 570w\" data-sizes=\"auto, (max-width: 300px) 100vw, 300px\" src=\"data:image\/svg+xml;base64,PHN2ZyB3aWR0aD0iMSIgaGVpZ2h0PSIxIiB4bWxucz0iaHR0cDovL3d3dy53My5vcmcvMjAwMC9zdmciPjwvc3ZnPg==\" style=\"--smush-placeholder-width: 300px; --smush-placeholder-aspect-ratio: 300\/168;\" \/><\/div><\/div><\/div><div class=\"ult-item-wrap\" data-animation=\"animated no-animation\"><div class=\"w-image us_custom_e173a6d3 align_none\"><div class=\"w-image-h\"><img decoding=\"async\" width=\"300\" height=\"168\" data-src=\"https:\/\/novinato.com\/wp-content\/uploads\/2022\/05\/deloite-private-300x168.png\" class=\"attachment-medium size-medium lazyload\" alt=\"\" data-srcset=\"https:\/\/novinato.com\/wp-content\/uploads\/2022\/05\/deloite-private-300x168.png 300w, https:\/\/novinato.com\/wp-content\/uploads\/2022\/05\/deloite-private.png 570w\" data-sizes=\"auto, (max-width: 300px) 100vw, 300px\" src=\"data:image\/svg+xml;base64,PHN2ZyB3aWR0aD0iMSIgaGVpZ2h0PSIxIiB4bWxucz0iaHR0cDovL3d3dy53My5vcmcvMjAwMC9zdmciPjwvc3ZnPg==\" style=\"--smush-placeholder-width: 300px; --smush-placeholder-aspect-ratio: 300\/168;\" \/><\/div><\/div><\/div><div class=\"ult-item-wrap\" data-animation=\"animated no-animation\"><div class=\"w-image us_custom_e173a6d3 align_none\"><div class=\"w-image-h\"><img decoding=\"async\" width=\"570\" height=\"320\" data-src=\"https:\/\/novinato.com\/wp-content\/uploads\/2022\/05\/belfius.png\" class=\"attachment-large size-large lazyload\" alt=\"\" data-srcset=\"https:\/\/novinato.com\/wp-content\/uploads\/2022\/05\/belfius.png 570w, https:\/\/novinato.com\/wp-content\/uploads\/2022\/05\/belfius-300x168.png 300w\" data-sizes=\"auto, (max-width: 570px) 100vw, 570px\" src=\"data:image\/svg+xml;base64,PHN2ZyB3aWR0aD0iMSIgaGVpZ2h0PSIxIiB4bWxucz0iaHR0cDovL3d3dy53My5vcmcvMjAwMC9zdmciPjwvc3ZnPg==\" style=\"--smush-placeholder-width: 570px; --smush-placeholder-aspect-ratio: 570\/320;\" \/><\/div><\/div><\/div><div class=\"ult-item-wrap\" data-animation=\"animated no-animation\"><div class=\"w-image us_custom_e173a6d3 align_none\"><div class=\"w-image-h\"><img decoding=\"async\" width=\"570\" height=\"320\" data-src=\"https:\/\/novinato.com\/wp-content\/uploads\/2022\/05\/FIT.png\" class=\"attachment-large size-large lazyload\" alt=\"\" data-srcset=\"https:\/\/novinato.com\/wp-content\/uploads\/2022\/05\/FIT.png 570w, https:\/\/novinato.com\/wp-content\/uploads\/2022\/05\/FIT-300x168.png 300w\" data-sizes=\"auto, (max-width: 570px) 100vw, 570px\" src=\"data:image\/svg+xml;base64,PHN2ZyB3aWR0aD0iMSIgaGVpZ2h0PSIxIiB4bWxucz0iaHR0cDovL3d3dy53My5vcmcvMjAwMC9zdmciPjwvc3ZnPg==\" style=\"--smush-placeholder-width: 570px; --smush-placeholder-aspect-ratio: 570\/320;\" \/><\/div><\/div><\/div><div class=\"ult-item-wrap\" data-animation=\"animated no-animation\"><div class=\"w-image us_custom_c0223bf0 align_none\"><div class=\"w-image-h\"><img decoding=\"async\" width=\"212\" height=\"212\" data-src=\"https:\/\/novinato.com\/wp-content\/uploads\/2022\/06\/van-roey.png\" class=\"attachment-large size-large lazyload\" alt=\"\" data-srcset=\"https:\/\/novinato.com\/wp-content\/uploads\/2022\/06\/van-roey.png 212w, https:\/\/novinato.com\/wp-content\/uploads\/2022\/06\/van-roey-150x150.png 150w\" data-sizes=\"auto, (max-width: 212px) 100vw, 212px\" src=\"data:image\/svg+xml;base64,PHN2ZyB3aWR0aD0iMSIgaGVpZ2h0PSIxIiB4bWxucz0iaHR0cDovL3d3dy53My5vcmcvMjAwMC9zdmciPjwvc3ZnPg==\" style=\"--smush-placeholder-width: 212px; --smush-placeholder-aspect-ratio: 212\/212;\" \/><\/div><\/div><\/div><\/div><\/div>\t\t\t<script type=\"text\/javascript\">\n\t\t\t\tjQuery(document).ready(function ($) {\n\t\t\t\t\tif( typeof jQuery('.ult-carousel-239021631269f0037204b61').slick == \"function\"){\n\t\t\t\t\t\t$('.ult-carousel-239021631269f0037204b61').slick({dots: false,autoplay: true,autoplaySpeed: \"5000\",speed: \"300\",infinite: true,arrows: true,nextArrow: '<button type=\"button\" role=\"button\" aria-label=\"Next\" style=\"color:#333333; font-size:20px;\" class=\"slick-next default\"><i class=\"ultsl-arrow-right4\"><\/i><\/button>',prevArrow: '<button type=\"button\" role=\"button\" aria-label=\"Previous\" style=\"color:#333333; font-size:20px;\" class=\"slick-prev default\"><i class=\"ultsl-arrow-left4\"><\/i><\/button>',slidesToScroll:5,slidesToShow:5,swipe: true,draggable: true,touchMove: true,pauseOnHover: true,pauseOnFocus: false,responsive: [\n\t\t\t\t\t\t\t{\n\t\t\t\t\t\t\t  breakpoint: 1026,\n\t\t\t\t\t\t\t  settings: {\n\t\t\t\t\t\t\t\tslidesToShow: 5,\n\t\t\t\t\t\t\t\tslidesToScroll: 5,  \n\t\t\t\t\t\t\t  }\n\t\t\t\t\t\t\t},\n\t\t\t\t\t\t\t{\n\t\t\t\t\t\t\t  breakpoint: 1025,\n\t\t\t\t\t\t\t  settings: {\n\t\t\t\t\t\t\t\tslidesToShow: 3,\n\t\t\t\t\t\t\t\tslidesToScroll: 3\n\t\t\t\t\t\t\t  }\n\t\t\t\t\t\t\t},\n\t\t\t\t\t\t\t{\n\t\t\t\t\t\t\t  breakpoint: 760,\n\t\t\t\t\t\t\t  settings: {\n\t\t\t\t\t\t\t\tslidesToShow: 2,\n\t\t\t\t\t\t\t\tslidesToScroll: 2\n\t\t\t\t\t\t\t  }\n\t\t\t\t\t\t\t}\n\t\t\t\t\t\t],pauseOnDotsHover: true,customPaging: function(slider, i) {\n                   return '<i type=\"button\" style= \"color:#333333;\" class=\"ultsl-record\" data-role=\"none\"><\/i>';\n                },});\n\t\t\t\t\t}\n\t\t\t\t});\n\t\t\t<\/script>\n\t\t\t<\/div><\/div><\/div><div class=\"w-separator size_huge\"><\/div><div class=\"g-cols wpb_row via_grid cols_custom laptops-cols_inherit tablets-cols_inherit mobiles-cols_1 valign_top type_default stacking_default\" style=\"--columns-gap:0rem;--custom-columns:0.5fr 5fr 0.5fr \"><div class=\"wpb_column vc_column_container\"><div class=\"vc_column-inner\"><\/div><\/div><div class=\"wpb_column vc_column_container\"><div class=\"vc_column-inner\"><section class=\"l-section wpb_row us_custom_0b741f86 page-block-contact height_small\"><div class=\"l-section-h i-cf\"><div class=\"g-cols vc_row via_grid cols_1 laptops-cols_inherit tablets-cols_inherit mobiles-cols_1 valign_top type_default stacking_default\"><div class=\"wpb_column vc_column_container\"><div class=\"vc_column-inner\"><div class=\"g-cols wpb_row via_grid cols_2-1 laptops-cols_inherit tablets-cols_inherit mobiles-cols_1 valign_top type_default stacking_default\" style=\"--columns-gap:3rem;\"><div class=\"wpb_column vc_column_container\"><div class=\"vc_column-inner\"><div class=\"wpb_text_column us_custom_59d528c0 has_text_color\"><div class=\"wpb_wrapper\"><p class=\"p1\">W\u00fcrden Sie gern mit uns zusammenarbeiten?<\/p>\n<\/div><\/div><div class=\"wpb_text_column us_custom_6df4bc3a has_text_color\"><div class=\"wpb_wrapper\"><h2>Kontaktieren Sie uns f\u00fcr weitere Informationen.<\/h2>\n<\/div><\/div><\/div><\/div><div class=\"wpb_column vc_column_container justify-content-center\"><div class=\"vc_column-inner\"><div class=\"w-btn-wrapper align_center\"><a class=\"w-btn us-btn-style_3\" title=\"Kontakt\" href=\"https:\/\/novinato.com\/de\/contact\/\"><span class=\"w-btn-label\">Treten Sie in Kontakt<\/span><\/a><\/div><\/div><\/div><\/div><\/div><\/div><\/div><\/div><\/section>\n<\/div><\/div><div class=\"wpb_column vc_column_container\"><div class=\"vc_column-inner\"><\/div><\/div><\/div><\/div><\/div><\/div><\/div><\/section>\n","protected":false},"excerpt":{"rendered":"Die gesunde L\u00f6sung f\u00fcr gesunde Schwimmb\u00e4der. Wir machen Schwimmb\u00e4der zu einem sicheren Ort, indem wir den Chlorgehalt des Wassers minimieren. Wir bieten \u00f6ffentlichen Schwimmb\u00e4dern eine Alternativ zum Schutz Ihrer Gesundheit und tragen gleichzeitig zum Umweltschutz bei. Wir stellen sicher, dass Kinder unter den bestm\u00f6glichen Bedingungen Schwimmen lernen k\u00f6nnen. Wir sind die Zukunft der Schwimmb\u00e4der. Schlie\u00dfen...","protected":false},"author":4,"featured_media":0,"parent":0,"menu_order":4,"comment_status":"closed","ping_status":"closed","template":"","meta":{"_acf_changed":false,"footnotes":""},"class_list":["post-1124","page","type-page","status-publish","hentry"],"acf":[],"yoast_head":"<!-- This site is optimized with the Yoast SEO plugin v27.4 - https:\/\/yoast.com\/product\/yoast-seo-wordpress\/ -->\n<title>\u00dcber - Novinato<\/title>\n<meta name=\"robots\" content=\"index, follow, max-snippet:-1, max-image-preview:large, max-video-preview:-1\" \/>\n<link rel=\"canonical\" href=\"https:\/\/novinato.com\/de\/about\/\" \/>\n<meta property=\"og:locale\" content=\"de_DE\" \/>\n<meta property=\"og:type\" content=\"article\" \/>\n<meta property=\"og:title\" content=\"\u00dcber - Novinato\" \/>\n<meta property=\"og:url\" content=\"https:\/\/novinato.com\/de\/about\/\" \/>\n<meta property=\"og:site_name\" content=\"Novinato\" \/>\n<meta property=\"article:modified_time\" content=\"2026-03-05T09:08:24+00:00\" \/>\n<meta name=\"twitter:card\" content=\"summary_large_image\" \/>\n<meta name=\"twitter:label1\" content=\"Gesch\u00e4tzte Lesezeit\" \/>\n\t<meta name=\"twitter:data1\" content=\"3\u00a0Minuten\" \/>\n<script type=\"application\/ld+json\" class=\"yoast-schema-graph\">{\"@context\":\"https:\\\/\\\/schema.org\",\"@graph\":[{\"@type\":\"WebPage\",\"@id\":\"https:\\\/\\\/novinato.com\\\/de\\\/about\\\/\",\"url\":\"https:\\\/\\\/novinato.com\\\/de\\\/about\\\/\",\"name\":\"\u00dcber - Novinato\",\"isPartOf\":{\"@id\":\"https:\\\/\\\/novinato.com\\\/#website\"},\"datePublished\":\"2022-05-09T11:49:21+00:00\",\"dateModified\":\"2026-03-05T09:08:24+00:00\",\"breadcrumb\":{\"@id\":\"https:\\\/\\\/novinato.com\\\/de\\\/about\\\/#breadcrumb\"},\"inLanguage\":\"de\",\"potentialAction\":[{\"@type\":\"ReadAction\",\"target\":[\"https:\\\/\\\/novinato.com\\\/de\\\/about\\\/\"]}]},{\"@type\":\"BreadcrumbList\",\"@id\":\"https:\\\/\\\/novinato.com\\\/de\\\/about\\\/#breadcrumb\",\"itemListElement\":[{\"@type\":\"ListItem\",\"position\":1,\"name\":\"Home\",\"item\":\"https:\\\/\\\/novinato.com\\\/de\\\/\"},{\"@type\":\"ListItem\",\"position\":2,\"name\":\"\u00dcber\"}]},{\"@type\":\"WebSite\",\"@id\":\"https:\\\/\\\/novinato.com\\\/#website\",\"url\":\"https:\\\/\\\/novinato.com\\\/\",\"name\":\"Novinato\",\"description\":\"\",\"potentialAction\":[{\"@type\":\"SearchAction\",\"target\":{\"@type\":\"EntryPoint\",\"urlTemplate\":\"https:\\\/\\\/novinato.com\\\/?s={search_term_string}\"},\"query-input\":{\"@type\":\"PropertyValueSpecification\",\"valueRequired\":true,\"valueName\":\"search_term_string\"}}],\"inLanguage\":\"de\"}]}<\/script>\n<!-- \/ Yoast SEO plugin. -->","yoast_head_json":{"title":"\u00dcber - Novinato","robots":{"index":"index","follow":"follow","max-snippet":"max-snippet:-1","max-image-preview":"max-image-preview:large","max-video-preview":"max-video-preview:-1"},"canonical":"https:\/\/novinato.com\/de\/about\/","og_locale":"de_DE","og_type":"article","og_title":"\u00dcber - Novinato","og_url":"https:\/\/novinato.com\/de\/about\/","og_site_name":"Novinato","article_modified_time":"2026-03-05T09:08:24+00:00","twitter_card":"summary_large_image","twitter_misc":{"Gesch\u00e4tzte Lesezeit":"3\u00a0Minuten"},"schema":{"@context":"https:\/\/schema.org","@graph":[{"@type":"WebPage","@id":"https:\/\/novinato.com\/de\/about\/","url":"https:\/\/novinato.com\/de\/about\/","name":"\u00dcber - Novinato","isPartOf":{"@id":"https:\/\/novinato.com\/#website"},"datePublished":"2022-05-09T11:49:21+00:00","dateModified":"2026-03-05T09:08:24+00:00","breadcrumb":{"@id":"https:\/\/novinato.com\/de\/about\/#breadcrumb"},"inLanguage":"de","potentialAction":[{"@type":"ReadAction","target":["https:\/\/novinato.com\/de\/about\/"]}]},{"@type":"BreadcrumbList","@id":"https:\/\/novinato.com\/de\/about\/#breadcrumb","itemListElement":[{"@type":"ListItem","position":1,"name":"Home","item":"https:\/\/novinato.com\/de\/"},{"@type":"ListItem","position":2,"name":"\u00dcber"}]},{"@type":"WebSite","@id":"https:\/\/novinato.com\/#website","url":"https:\/\/novinato.com\/","name":"Novinato","description":"","potentialAction":[{"@type":"SearchAction","target":{"@type":"EntryPoint","urlTemplate":"https:\/\/novinato.com\/?s={search_term_string}"},"query-input":{"@type":"PropertyValueSpecification","valueRequired":true,"valueName":"search_term_string"}}],"inLanguage":"de"}]}},"_links":{"self":[{"href":"https:\/\/novinato.com\/de\/wp-json\/wp\/v2\/pages\/1124","targetHints":{"allow":["GET"]}}],"collection":[{"href":"https:\/\/novinato.com\/de\/wp-json\/wp\/v2\/pages"}],"about":[{"href":"https:\/\/novinato.com\/de\/wp-json\/wp\/v2\/types\/page"}],"author":[{"embeddable":true,"href":"https:\/\/novinato.com\/de\/wp-json\/wp\/v2\/users\/4"}],"replies":[{"embeddable":true,"href":"https:\/\/novinato.com\/de\/wp-json\/wp\/v2\/comments?post=1124"}],"version-history":[{"count":4,"href":"https:\/\/novinato.com\/de\/wp-json\/wp\/v2\/pages\/1124\/revisions"}],"predecessor-version":[{"id":2308,"href":"https:\/\/novinato.com\/de\/wp-json\/wp\/v2\/pages\/1124\/revisions\/2308"}],"wp:attachment":[{"href":"https:\/\/novinato.com\/de\/wp-json\/wp\/v2\/media?parent=1124"}],"curies":[{"name":"wp","href":"https:\/\/api.w.org\/{rel}","templated":true}]}}